{"id":57036,"date":"2021-08-31T09:25:28","date_gmt":"2021-08-31T03:55:28","guid":{"rendered":"https:\/\/easydropship.in\/store\/product\/220v-ac-coil-5a-general-purpose-dpdt-micro-mini-power-relay-din-rail-base-holder\/"},"modified":"2021-09-01T19:59:10","modified_gmt":"2021-09-01T14:29:10","slug":"220v-ac-coil-5a-general-purpose-dpdt-micro-mini-power-relay-din-rail-base-holder","status":"publish","type":"product","link":"https:\/\/easydropship.in\/store\/product\/220v-ac-coil-5a-general-purpose-dpdt-micro-mini-power-relay-din-rail-base-holder\/","title":{"rendered":"220V AC Coil 5A General Purpose DPDT Micro Mini Power Relay + DIN Rail Base Holder"},"content":{"rendered":"<p><b>Description:<\/b><\/p>\n<p>Product Name: Electromagnetic Relay<br \/>This general relay designed with a terminal socket, plays the role as a protector or a circuit switch.<br \/>It can protect your electric equipment&#39;s very well.<br \/>This electrical relay with socket is for general purpose.<br \/>Material: <br \/>Main Color: Black, Clear white<\/p>\n<p><b>Specification:<\/b><\/p>\n<p>1Piece General Purpose Power Relay<br \/>Product Model:HH52P (MY2NJ)<br \/>Outline Dimension(L\u00d7W\u00d7H):27.5\u00d721\u00d735.5mm \/ 1.08 x 0.83 x 1.4inch<br \/>Contact Form :2Z,2C<br \/>Initial Contact Resistance :50m\u03a9 (1A 6VDC)<br \/>Coil Voltage :220VAC<br \/>Operate Time (at nomi. Volt):25ms<br \/>Release Time (at nomi. Volt):25ms<br \/>Coil Power(W):0.9W, AC:1.2VA<br \/>Contact Rating:5A 250VAC\/30VDC<br \/>Insulation Resistance:1000M\u03a9,500VDC<br \/>Between Open Contact:1000VAC 1min.<br \/>Between Coil and Contact:1500VAC 1min.<br \/>Electrical Life:1\u00d7105<br \/>Mechanical Life:1\u00d7107<br \/>Max Switching Voltage :250VAC\/30VDC<br \/>Max Switching Current:7A<br \/>Max Switching Power:210W\/1750VA<br \/>Stability 100m\/s2  Intensity 1000m\/s2<br \/>Humidity :98% R.H.+40%<br \/>Temperature Range:-55~+70\u00b0C<br \/>Vibration Resistance:1mm 50~55Hz<br \/>Construction :Dust cover<\/p>\n<p><b>Package Includes:<\/b><\/p>\n<p>1Set General Purpose Power Relay<\/p>\n","protected":false},"excerpt":{"rendered":"<p>Description: Product Name: Electromagnetic RelayThis general relay designed with a terminal socket, plays the role as a protector or a circuit switch.It can protect your electric equipment&#39;s very well.This electrical relay with socket is for general purpose.Material: Main Color: Black, Clear white Specification: 1Piece General Purpose Power RelayProduct Model:HH52P (MY2NJ)Outline Dimension(L\u00d7W\u00d7H):27.5\u00d721\u00d735.5mm \/ 1.08 x 0.83 &hellip; <a href=\"https:\/\/easydropship.in\/store\/product\/220v-ac-coil-5a-general-purpose-dpdt-micro-mini-power-relay-din-rail-base-holder\/\" class=\"more-link\">Continue reading <span class=\"screen-reader-text\">220V AC Coil 5A General Purpose DPDT Micro Mini Power Relay + DIN Rail Base Holder<\/span><\/a><\/p>\n","protected":false},"featured_media":57032,"template":"","meta":{"_themeisle_gutenberg_block_has_review":false},"product_cat":[3247],"product_tag":[],"_links":{"self":[{"href":"https:\/\/easydropship.in\/store\/wp-json\/wp\/v2\/product\/57036"}],"collection":[{"href":"https:\/\/easydropship.in\/store\/wp-json\/wp\/v2\/product"}],"about":[{"href":"https:\/\/easydropship.in\/store\/wp-json\/wp\/v2\/types\/product"}],"wp:featuredmedia":[{"embeddable":true,"href":"https:\/\/easydropship.in\/store\/wp-json\/wp\/v2\/media\/57032"}],"wp:attachment":[{"href":"https:\/\/easydropship.in\/store\/wp-json\/wp\/v2\/media?parent=57036"}],"wp:term":[{"taxonomy":"product_cat","embeddable":true,"href":"https:\/\/easydropship.in\/store\/wp-json\/wp\/v2\/product_cat?post=57036"},{"taxonomy":"product_tag","embeddable":true,"href":"https:\/\/easydropship.in\/store\/wp-json\/wp\/v2\/product_tag?post=57036"}],"curies":[{"name":"wp","href":"https:\/\/api.w.org\/{rel}","templated":true}]}}